{"id":7926,"date":"2023-11-06T00:08:05","date_gmt":"2023-11-05T21:08:05","guid":{"rendered":"http:\/\/www.ig-legal.com\/en\/?page_id=7926"},"modified":"2025-03-23T10:59:13","modified_gmt":"2025-03-23T07:59:13","slug":"anil-gorgec","status":"publish","type":"page","link":"https:\/\/www.ig-legal.com\/en\/anil-gorgec\/","title":{"rendered":"ANIL GORGEC"},"content":{"rendered":"<section class=\"wpb-content-wrapper\"><p>[vc_row][vc_column width=&#8221;2\/3&#8243;][vc_column_text]<\/p>\n<h4>An\u0131l G\u00f6rge\u00e7<\/h4>\n<div id=\"gtx-trans\" style=\"position: absolute; left: 208px; top: 38.3333px;\">\n<div class=\"gtx-trans-icon\"><\/div>\n<\/div>\n<p>[\/vc_column_text][vc_column_text]<\/p>\n<p style=\"text-align: justify;\"><span style=\"color: #000000;\">He was born in Ankara in 1985. After graduating from Istanbul University Faculty of Law he admitted to Istanbul Bar in 2008. He is fluent in English. His expertise is mainly on maritime and transportation law, commercial disputes, insurance law, corporate law, labor issues, enforcement procedures and administrative and tax law. He has also registered as mediator to Ministry of Justice in 2018.<\/span><\/p>\n<p style=\"text-align: left;\"><span style=\"color: #000000;\">e-mail: <a href=\"mailto:anil.gorgec@ig-legal.com\">anil.gorgec@ig-legal.com<\/a> <\/span><\/p>\n<p style=\"text-align: left;\"><span style=\"color: #000000;\">gsm: <a href=\"tel:+905052131403\">+90 505 213 1403<\/a><\/span><\/p>\n<p><a href=\"https:\/\/www.linkedin.com\/in\/an%C4%B1l-g%C3%B6rge%C3%A7-82792a4a\/\" target=\"_blank\" rel=\"noopener\"><img loading=\"lazy\" decoding=\"async\" class=\"alignnone wp-image-7858 size-full\" src=\"http:\/\/www.ig-legal.com\/wp-content\/uploads\/2023\/11\/linkedin.png\" alt=\"\" width=\"16\" height=\"16\" \/><\/a>[\/vc_column_text][\/vc_column][vc_column width=&#8221;1\/3&#8243;][vc_single_image image=&#8221;8130&#8243; img_size=&#8221;full&#8221; style=&#8221;vc_box_shadow_border&#8221; css_animation=&#8221;none&#8221;][\/vc_column][\/vc_row][vc_row][vc_column][vc_empty_space height=&#8221;100px&#8221;][\/vc_column][\/vc_row]<\/p>\n<\/section>","protected":false},"excerpt":{"rendered":"<p>[vc_row][vc_column width=&#8221;2\/3&#8243;][vc_column_text] An\u0131l G\u00f6rge\u00e7 [\/vc_column_text][vc_column_text] He was born in Ankara in 1985. After graduating from Istanbul University Faculty of Law he admitted to Istanbul Bar in 2008. He is fluent in English. His expertise is mainly on maritime and transportation law, commercial disputes, insurance law, corporate law, labor issues, enforcement procedures and administrative and tax<\/p>\n<div class=\"wst-more-wrap\"><a class=\"more_btn shape\" href=\"https:\/\/www.ig-legal.com\/en\/anil-gorgec\/\">Devam\u0131<\/a><\/div>\n","protected":false},"author":1,"featured_media":0,"parent":0,"menu_order":0,"comment_status":"closed","ping_status":"closed","template":"home-template.php","meta":{"footnotes":""},"class_list":["post-7926","page","type-page","status-publish","hentry"],"_links":{"self":[{"href":"https:\/\/www.ig-legal.com\/en\/wp-json\/wp\/v2\/pages\/7926","targetHints":{"allow":["GET"]}}],"collection":[{"href":"https:\/\/www.ig-legal.com\/en\/wp-json\/wp\/v2\/pages"}],"about":[{"href":"https:\/\/www.ig-legal.com\/en\/wp-json\/wp\/v2\/types\/page"}],"author":[{"embeddable":true,"href":"https:\/\/www.ig-legal.com\/en\/wp-json\/wp\/v2\/users\/1"}],"replies":[{"embeddable":true,"href":"https:\/\/www.ig-legal.com\/en\/wp-json\/wp\/v2\/comments?post=7926"}],"version-history":[{"count":14,"href":"https:\/\/www.ig-legal.com\/en\/wp-json\/wp\/v2\/pages\/7926\/revisions"}],"predecessor-version":[{"id":8342,"href":"https:\/\/www.ig-legal.com\/en\/wp-json\/wp\/v2\/pages\/7926\/revisions\/8342"}],"wp:attachment":[{"href":"https:\/\/www.ig-legal.com\/en\/wp-json\/wp\/v2\/media?parent=7926"}],"curies":[{"name":"wp","href":"https:\/\/api.w.org\/{rel}","templated":true}]}}