{"id":7923,"date":"2023-11-06T00:05:42","date_gmt":"2023-11-05T21:05:42","guid":{"rendered":"http:\/\/www.ig-legal.com\/en\/?page_id=7923"},"modified":"2025-03-23T10:57:12","modified_gmt":"2025-03-23T07:57:12","slug":"cigse-gorgec","status":"publish","type":"page","link":"https:\/\/www.ig-legal.com\/en\/cigse-gorgec\/","title":{"rendered":"CIGSE GORGEC"},"content":{"rendered":"<section class=\"wpb-content-wrapper\"><p>[vc_row fluid=&#8221;1&#8243; full_content=&#8221;1&#8243; row_padd=&#8221;no-padding&#8221;][vc_column][\/vc_column][\/vc_row][vc_row][vc_column width=&#8221;2\/3&#8243;][vc_column_text]<\/p>\n<h4>\u00c7i\u011fse G\u00f6rge\u00e7<\/h4>\n<div id=\"gtx-trans\" style=\"position: absolute; left: 228px; top: 38.3333px;\">\n<div class=\"gtx-trans-icon\"><\/div>\n<\/div>\n<p><span data-mce-type=\"bookmark\" style=\"display: inline-block; width: 0px; overflow: hidden; line-height: 0;\" class=\"mce_SELRES_start\">\ufeff<\/span>[\/vc_column_text][vc_column_text]<\/p>\n<p style=\"text-align: justify;\"><span style=\"color: #000000;\">She was born in Istanbul in 1988. After graduating from Marmara University Faculty of Law she admitted to Istanbul Bar in 2011. She worked as in-house legal counsel of Turkey&#8217;s leading insurance companies for many years. Her expertise is mainly on insurance law, maritime and transportation law, labor issues and commercial disputes. She is fluent in English. <\/span><\/p>\n<p style=\"text-align: left;\"><span style=\"color: #000000;\">e-mail: <a href=\"mailto:cigse.gorgec@ig-legal.com\">cigse.gorgec@ig-legal.com<\/a><\/span><\/p>\n<p style=\"text-align: left;\"><span style=\"color: #000000;\">gsm: <a href=\"tel:+905320582030\">+90 532 058 2030<\/a><\/span><\/p>\n<p><a href=\"https:\/\/www.linkedin.com\/in\/%C3%A7i%C4%9Fse-vural-g%C3%B6rge%C3%A7-713448132\/\" target=\"_blank\" rel=\"noopener\"><img loading=\"lazy\" decoding=\"async\" class=\"alignnone wp-image-7858 size-full\" src=\"http:\/\/www.ig-legal.com\/wp-content\/uploads\/2023\/11\/linkedin.png\" alt=\"\" width=\"16\" height=\"16\" \/><\/a>[\/vc_column_text][\/vc_column][vc_column width=&#8221;1\/3&#8243;][vc_single_image image=&#8221;8131&#8243; img_size=&#8221;full&#8221; style=&#8221;vc_box_shadow_border&#8221; css_animation=&#8221;none&#8221;][\/vc_column][\/vc_row][vc_row][vc_column][vc_empty_space height=&#8221;100px&#8221;][\/vc_column][\/vc_row]<\/p>\n<\/section>","protected":false},"excerpt":{"rendered":"<p>[vc_row fluid=&#8221;1&#8243; full_content=&#8221;1&#8243; row_padd=&#8221;no-padding&#8221;][vc_column][\/vc_column][\/vc_row][vc_row][vc_column width=&#8221;2\/3&#8243;][vc_column_text] \u00c7i\u011fse G\u00f6rge\u00e7 \ufeff[\/vc_column_text][vc_column_text] She was born in Istanbul in 1988. After graduating from Marmara University Faculty of Law she admitted to Istanbul Bar in 2011. She worked as in-house legal counsel of Turkey&#8217;s leading insurance companies for many years. Her expertise is mainly on insurance law, maritime and transportation law,<\/p>\n<div class=\"wst-more-wrap\"><a class=\"more_btn shape\" href=\"https:\/\/www.ig-legal.com\/en\/cigse-gorgec\/\">Devam\u0131<\/a><\/div>\n","protected":false},"author":1,"featured_media":0,"parent":0,"menu_order":0,"comment_status":"closed","ping_status":"closed","template":"home-template.php","meta":{"footnotes":""},"class_list":["post-7923","page","type-page","status-publish","hentry"],"_links":{"self":[{"href":"https:\/\/www.ig-legal.com\/en\/wp-json\/wp\/v2\/pages\/7923","targetHints":{"allow":["GET"]}}],"collection":[{"href":"https:\/\/www.ig-legal.com\/en\/wp-json\/wp\/v2\/pages"}],"about":[{"href":"https:\/\/www.ig-legal.com\/en\/wp-json\/wp\/v2\/types\/page"}],"author":[{"embeddable":true,"href":"https:\/\/www.ig-legal.com\/en\/wp-json\/wp\/v2\/users\/1"}],"replies":[{"embeddable":true,"href":"https:\/\/www.ig-legal.com\/en\/wp-json\/wp\/v2\/comments?post=7923"}],"version-history":[{"count":13,"href":"https:\/\/www.ig-legal.com\/en\/wp-json\/wp\/v2\/pages\/7923\/revisions"}],"predecessor-version":[{"id":8341,"href":"https:\/\/www.ig-legal.com\/en\/wp-json\/wp\/v2\/pages\/7923\/revisions\/8341"}],"wp:attachment":[{"href":"https:\/\/www.ig-legal.com\/en\/wp-json\/wp\/v2\/media?parent=7923"}],"curies":[{"name":"wp","href":"https:\/\/api.w.org\/{rel}","templated":true}]}}